{"id":672,"date":"2024-06-17T09:56:51","date_gmt":"2024-06-17T12:56:51","guid":{"rendered":"https:\/\/site9.neexbra.com.br\/?page_id=672"},"modified":"2024-07-15T15:35:25","modified_gmt":"2024-07-15T18:35:25","slug":"sobre","status":"publish","type":"page","link":"https:\/\/nexsolar.com.br\/es\/sobre\/","title":{"rendered":"Acerca de"},"content":{"rendered":"<div data-elementor-type=\"wp-page\" data-elementor-id=\"672\" class=\"elementor elementor-672\" data-elementor-post-type=\"page\">\n\t\t\t\t<div class=\"elementor-element elementor-element-4bad8ff e-con-full e-flex e-con e-parent\" data-id=\"4bad8ff\" data-element_type=\"container\" data-settings=\"{&quot;jet_parallax_layout_list&quot;:[],&quot;background_background&quot;:&quot;gradient&quot;}\">\n\t\t\t\t<div class=\"elementor-element elementor-element-a4b50a4 elementor-widget elementor-widget-heading\" data-id=\"a4b50a4\" data-element_type=\"widget\" data-widget_type=\"heading.default\">\n\t\t\t\t<div class=\"elementor-widget-container\">\n\t\t\t\t\t<h2 class=\"elementor-heading-title elementor-size-default\">Acerca de<\/h2>\t\t\t\t<\/div>\n\t\t\t\t<\/div>\n\t\t\t\t<\/div>\n\t\t<div class=\"elementor-element elementor-element-e7aa32b e-flex e-con-boxed e-con e-parent\" data-id=\"e7aa32b\" data-element_type=\"container\" data-settings=\"{&quot;jet_parallax_layout_list&quot;:[]}\">\n\t\t\t\t\t<div class=\"e-con-inner\">\n\t\t\t\t<div class=\"elementor-element elementor-element-f355e8f elementor-widget elementor-widget-jet-listing-grid\" data-id=\"f355e8f\" data-element_type=\"widget\" data-settings=\"{&quot;columns&quot;:&quot;1&quot;}\" data-widget_type=\"jet-listing-grid.default\">\n\t\t\t\t<div class=\"elementor-widget-container\">\n\t\t\t\t\t<div class=\"jet-listing-grid jet-listing\"><div class=\"jet-listing-grid__items grid-col-desk-1 grid-col-tablet-1 grid-col-mobile-1 jet-listing-grid--766\" data-queried-id=\"672|WP_Post\" data-nav=\"{&quot;enabled&quot;:false,&quot;type&quot;:null,&quot;more_el&quot;:null,&quot;query&quot;:[],&quot;widget_settings&quot;:{&quot;lisitng_id&quot;:766,&quot;posts_num&quot;:1,&quot;columns&quot;:1,&quot;columns_tablet&quot;:1,&quot;columns_mobile&quot;:1,&quot;column_min_width&quot;:240,&quot;column_min_width_tablet&quot;:240,&quot;column_min_width_mobile&quot;:240,&quot;inline_columns_css&quot;:false,&quot;is_archive_template&quot;:&quot;&quot;,&quot;post_status&quot;:[&quot;publish&quot;],&quot;use_random_posts_num&quot;:&quot;&quot;,&quot;max_posts_num&quot;:9,&quot;not_found_message&quot;:&quot;No data was found&quot;,&quot;is_masonry&quot;:false,&quot;equal_columns_height&quot;:&quot;&quot;,&quot;use_load_more&quot;:&quot;&quot;,&quot;load_more_id&quot;:&quot;&quot;,&quot;load_more_type&quot;:&quot;click&quot;,&quot;load_more_offset&quot;:{&quot;unit&quot;:&quot;px&quot;,&quot;size&quot;:0,&quot;sizes&quot;:[]},&quot;use_custom_post_types&quot;:&quot;&quot;,&quot;custom_post_types&quot;:[],&quot;hide_widget_if&quot;:&quot;&quot;,&quot;carousel_enabled&quot;:&quot;&quot;,&quot;slides_to_scroll&quot;:&quot;1&quot;,&quot;arrows&quot;:&quot;true&quot;,&quot;arrow_icon&quot;:&quot;fa fa-angle-left&quot;,&quot;dots&quot;:&quot;&quot;,&quot;autoplay&quot;:&quot;true&quot;,&quot;pause_on_hover&quot;:&quot;true&quot;,&quot;autoplay_speed&quot;:5000,&quot;infinite&quot;:&quot;true&quot;,&quot;center_mode&quot;:&quot;&quot;,&quot;effect&quot;:&quot;slide&quot;,&quot;speed&quot;:500,&quot;inject_alternative_items&quot;:&quot;&quot;,&quot;injection_items&quot;:[],&quot;scroll_slider_enabled&quot;:&quot;&quot;,&quot;scroll_slider_on&quot;:[&quot;desktop&quot;,&quot;tablet&quot;,&quot;mobile&quot;],&quot;custom_query&quot;:false,&quot;custom_query_id&quot;:&quot;&quot;,&quot;_element_id&quot;:&quot;&quot;,&quot;collapse_first_last_gap&quot;:false,&quot;list_tag_selection&quot;:&quot;&quot;,&quot;list_items_wrapper_tag&quot;:&quot;div&quot;,&quot;list_item_tag&quot;:&quot;div&quot;,&quot;empty_items_wrapper_tag&quot;:&quot;div&quot;}}\" data-page=\"1\" data-pages=\"1\" data-listing-source=\"posts\" data-listing-id=\"766\" data-query-id=\"\"><div class=\"jet-listing-grid__item jet-listing-dynamic-post-764\" data-post-id=\"764\"  >\t\t<div data-elementor-type=\"jet-listing-items\" data-elementor-id=\"766\" class=\"elementor elementor-766\" data-elementor-post-type=\"jet-engine\">\n\t\t\t\t<div class=\"elementor-element elementor-element-37a9f21 e-flex e-con-boxed e-con e-parent\" data-id=\"37a9f21\" data-element_type=\"container\" data-settings=\"{&quot;jet_parallax_layout_list&quot;:[]}\">\n\t\t\t\t\t<div class=\"e-con-inner\">\n\t\t<div class=\"elementor-element elementor-element-7e0b2a0 e-con-full e-flex e-con e-child\" data-id=\"7e0b2a0\" data-element_type=\"container\" data-settings=\"{&quot;jet_parallax_layout_list&quot;:[]}\">\n\t\t\t\t<div class=\"elementor-element elementor-element-f02f137 elementor-widget__width-inherit elementor-pagination-position-outside elementor-widget elementor-widget-image-carousel\" data-id=\"f02f137\" data-element_type=\"widget\" data-settings=\"{&quot;slides_to_show&quot;:&quot;1&quot;,&quot;navigation&quot;:&quot;dots&quot;,&quot;autoplay&quot;:&quot;yes&quot;,&quot;pause_on_hover&quot;:&quot;yes&quot;,&quot;pause_on_interaction&quot;:&quot;yes&quot;,&quot;autoplay_speed&quot;:5000,&quot;infinite&quot;:&quot;yes&quot;,&quot;effect&quot;:&quot;slide&quot;,&quot;speed&quot;:500}\" data-widget_type=\"image-carousel.default\">\n\t\t\t\t<div class=\"elementor-widget-container\">\n\t\t\t\t\t\t\t<div class=\"elementor-image-carousel-wrapper swiper\" role=\"region\" aria-roledescription=\"carousel\" aria-label=\"Carrusel de im\u00e1genes\" dir=\"ltr\">\n\t\t\t<div class=\"elementor-image-carousel swiper-wrapper\" aria-live=\"off\">\n\t\t\t\t\t\t\t\t<div class=\"swiper-slide\" role=\"group\" aria-roledescription=\"slide\" aria-label=\"1 de 1\"><figure class=\"swiper-slide-inner\"><img decoding=\"async\" class=\"swiper-slide-image\" src=\"https:\/\/nexsolar.com.br\/wp-content\/uploads\/2024\/06\/Imagem-do-WhatsApp-de-2024-06-25-as-10.07.47_fcbf36e3.jpg\" alt=\"Imagem do WhatsApp de 2024-06-25 \u00e0(s) 10.07.47_fcbf36e3\" \/><\/figure><\/div>\t\t\t<\/div>\n\t\t\t\t\t<\/div>\n\t\t\t\t\t\t<\/div>\n\t\t\t\t<\/div>\n\t\t\t\t<div class=\"elementor-element elementor-element-5f62412 elementor-widget elementor-widget-text-editor\" data-id=\"5f62412\" data-element_type=\"widget\" data-widget_type=\"text-editor.default\">\n\t\t\t\t<div class=\"elementor-widget-container\">\n\t\t\t\t\t\t\t\t\t<p><strong>Acerca de Nexsolar<\/strong><\/p>\n<p>Fundada en 2014, Nexsolar es una empresa innovadora centrada en la sostenibilidad que ofrece soluciones de energ\u00eda solar fotovoltaica para diversas aplicaciones con las m\u00e1s altas tecnolog\u00edas del mercado. Nexsolar naci\u00f3 con el objetivo principal de hacer accesible la energ\u00eda solar fotovoltaica a todo el mundo, promoviendo un futuro m\u00e1s sostenible y eficiente.<\/p>\n<p>&nbsp;<\/p>\n<p><strong>Nuestra misi\u00f3n<\/strong><\/p>\n<p>Nuestra misi\u00f3n es democratizar el acceso a la energ\u00eda solar fotovoltaica ofreciendo soluciones altamente fiables y eficientes a precios asequibles. Queremos que hogares y empresas puedan generar su propia energ\u00eda, contribuyendo a reducir su huella de carbono y fomentando la sostenibilidad medioambiental.<\/p>\n<p>&nbsp;<\/p>\n<p><strong>Nuestras soluciones<\/strong><\/p>\n<p>Nexsolar ofrece una amplia gama de soluciones de energ\u00eda solar fotovoltaica para diversas aplicaciones:<\/p>\n<p>&nbsp;<\/p>\n<p><strong>Generaci\u00f3n distribuida<\/strong><\/p>\n<p>Ofrecemos soluciones de energ\u00eda solar fotovoltaica para aplicaciones residenciales y comerciales de todos los tama\u00f1os. Nuestros sistemas son conocidos por su alta fiabilidad, eficiencia en la producci\u00f3n de energ\u00eda e instalaci\u00f3n simplificada. Adem\u00e1s, ofrecemos servicios de asesoramiento sobre ventajas y cr\u00e9ditos, lo que hace a\u00fan m\u00e1s asequible la transici\u00f3n a la energ\u00eda solar.<\/p>\n<p>&nbsp;<\/p>\n<p><strong>Aplicaciones innovadoras<\/strong><\/p>\n<p>Estamos a la vanguardia de las nuevas aplicaciones de la energ\u00eda solar fotovoltaica:<\/p>\n<p>&nbsp;<\/p>\n<p><strong>Bombeo fotovoltaico:<\/strong> Soluciones para el uso eficiente de la energ\u00eda solar en el riego y el abastecimiento de agua.<\/p>\n<p><strong>Sistemas fotovoltaicos aut\u00f3nomos:<\/strong> Sistemas independientes que garantizan un suministro el\u00e9ctrico continuo en zonas remotas.<\/p>\n<p><strong>Sistemas fotovoltaicos mixtos con respaldo:<\/strong> Combinar energ\u00eda solar con respaldo para una mayor seguridad energ\u00e9tica.<\/p>\n<p><strong>Movilidad:<\/strong> Infraestructura de recarga de veh\u00edculos el\u00e9ctricos para fomentar una movilidad m\u00e1s sostenible.<\/p>\n<p>&nbsp;<\/p>\n<p><strong>Nuestro equipo y su impacto<\/strong><\/p>\n<p>Nexsolar cuenta con un equipo t\u00e9cnico especializado formado por electricistas e ingenieros, garantizando la excelencia en cada proyecto. Hasta la fecha, hemos implantado nuestro modelo de energ\u00eda solar en varias ciudades, con m\u00e1s de 2.500 hogares generando su propia energ\u00eda en Brasil. Adem\u00e1s, hemos instalado varios electropostes en todo el pa\u00eds, apoyando la expansi\u00f3n de la movilidad el\u00e9ctrica.<\/p>\n<p>&nbsp;<\/p>\n<p><strong>\u00bfPor qu\u00e9 elegir Nexsolar?<\/strong><\/p>\n<p><strong>Experiencia y cualificaciones<\/strong><\/p>\n<p>Nuestro equipo de profesionales experimentados garantiza la calidad y seguridad de nuestros proyectos.<\/p>\n<p>&nbsp;<\/p>\n<p><strong>Innovaci\u00f3n y sostenibilidad<\/strong><\/p>\n<p>Utilizamos las tecnolog\u00edas de energ\u00eda solar m\u00e1s avanzadas, comprometidos con la eficiencia y la sostenibilidad.<\/p>\n<p>&nbsp;<\/p>\n<p><strong>Compromiso con la Comunidad<\/strong><\/p>\n<p>Nuestro trabajo pretende mejorar la calidad de vida de las comunidades, aportando beneficios econ\u00f3micos y medioambientales.<\/p>\n<p>&nbsp;<\/p>\n<p><strong>Servicio personalizado<\/strong><\/p>\n<p>Entendemos las necesidades espec\u00edficas de cada cliente y desarrollamos soluciones a medida para satisfacerlas.<\/p>\n\t\t\t\t\t\t\t\t<\/div>\n\t\t\t\t<\/div>\n\t\t\t\t<\/div>\n\t\t\t\t\t<\/div>\n\t\t\t\t<\/div>\n\t\t\t\t<\/div>\n\t\t<\/div><\/div><\/div>\t\t\t\t<\/div>\n\t\t\t\t<\/div>\n\t\t\t\t\t<\/div>\n\t\t\t\t<\/div>\n\t\t\t\t<\/div>","protected":false},"excerpt":{"rendered":"","protected":false},"author":1,"featured_media":0,"parent":0,"menu_order":0,"comment_status":"closed","ping_status":"closed","template":"","meta":{"footnotes":""},"class_list":["post-672","page","type-page","status-publish","hentry"],"yoast_head":"<!-- This site is optimized with the Yoast SEO Premium plugin v26.7 (Yoast SEO v26.7) - https:\/\/yoast.com\/wordpress\/plugins\/seo\/ -->\n<title>Sobre - Nexsolar<\/title>\n<meta name=\"robots\" content=\"index, follow, max-snippet:-1, max-image-preview:large, max-video-preview:-1\" \/>\n<link rel=\"canonical\" href=\"https:\/\/nexsolar.com.br\/es\/sobre\/\" \/>\n<meta property=\"og:locale\" content=\"es_ES\" \/>\n<meta property=\"og:type\" content=\"article\" \/>\n<meta property=\"og:title\" content=\"Sobre\" \/>\n<meta property=\"og:url\" content=\"https:\/\/nexsolar.com.br\/es\/sobre\/\" \/>\n<meta property=\"og:site_name\" content=\"Nexsolar\" \/>\n<meta property=\"article:publisher\" content=\"https:\/\/www.facebook.com\/nexsolar.oficial\" \/>\n<meta property=\"article:modified_time\" content=\"2024-07-15T18:35:25+00:00\" \/>\n<meta property=\"og:image\" content=\"https:\/\/nexsolar.com.br\/wp-content\/uploads\/2024\/06\/img-nexsolar.jpg\" \/>\n\t<meta property=\"og:image:width\" content=\"1200\" \/>\n\t<meta property=\"og:image:height\" content=\"675\" \/>\n\t<meta property=\"og:image:type\" content=\"image\/jpeg\" \/>\n<meta name=\"twitter:card\" content=\"summary_large_image\" \/>\n<meta name=\"twitter:label1\" content=\"Tiempo de lectura\" \/>\n\t<meta name=\"twitter:data1\" content=\"6 minutos\" \/>\n<script type=\"application\/ld+json\" class=\"yoast-schema-graph\">{\"@context\":\"https:\/\/schema.org\",\"@graph\":[{\"@type\":\"WebPage\",\"@id\":\"https:\/\/nexsolar.com.br\/sobre\/\",\"url\":\"https:\/\/nexsolar.com.br\/sobre\/\",\"name\":\"Sobre - Nexsolar\",\"isPartOf\":{\"@id\":\"https:\/\/nexsolar.com.br\/#website\"},\"datePublished\":\"2024-06-17T12:56:51+00:00\",\"dateModified\":\"2024-07-15T18:35:25+00:00\",\"breadcrumb\":{\"@id\":\"https:\/\/nexsolar.com.br\/sobre\/#breadcrumb\"},\"inLanguage\":\"es\",\"potentialAction\":[{\"@type\":\"ReadAction\",\"target\":[\"https:\/\/nexsolar.com.br\/sobre\/\"]}]},{\"@type\":\"BreadcrumbList\",\"@id\":\"https:\/\/nexsolar.com.br\/sobre\/#breadcrumb\",\"itemListElement\":[{\"@type\":\"ListItem\",\"position\":1,\"name\":\"In\u00edcio\",\"item\":\"https:\/\/nexsolar.com.br\/\"},{\"@type\":\"ListItem\",\"position\":2,\"name\":\"Sobre\"}]},{\"@type\":\"WebSite\",\"@id\":\"https:\/\/nexsolar.com.br\/#website\",\"url\":\"https:\/\/nexsolar.com.br\/\",\"name\":\"Nexsolar\",\"description\":\"Solu\u00e7\u00f5es em Energia Solar\",\"publisher\":{\"@id\":\"https:\/\/nexsolar.com.br\/#organization\"},\"alternateName\":\"Nexsolar\",\"potentialAction\":[{\"@type\":\"SearchAction\",\"target\":{\"@type\":\"EntryPoint\",\"urlTemplate\":\"https:\/\/nexsolar.com.br\/?s={search_term_string}\"},\"query-input\":{\"@type\":\"PropertyValueSpecification\",\"valueRequired\":true,\"valueName\":\"search_term_string\"}}],\"inLanguage\":\"es\"},{\"@type\":\"Organization\",\"@id\":\"https:\/\/nexsolar.com.br\/#organization\",\"name\":\"Nexsolar\",\"url\":\"https:\/\/nexsolar.com.br\/\",\"logo\":{\"@type\":\"ImageObject\",\"inLanguage\":\"es\",\"@id\":\"https:\/\/nexsolar.com.br\/#\/schema\/logo\/image\/\",\"url\":\"https:\/\/nexsolar.com.br\/wp-content\/uploads\/2023\/12\/nexsolar-logo-850x138-1.webp\",\"contentUrl\":\"https:\/\/nexsolar.com.br\/wp-content\/uploads\/2023\/12\/nexsolar-logo-850x138-1.webp\",\"width\":850,\"height\":138,\"caption\":\"Nexsolar\"},\"image\":{\"@id\":\"https:\/\/nexsolar.com.br\/#\/schema\/logo\/image\/\"},\"sameAs\":[\"https:\/\/www.facebook.com\/nexsolar.oficial\",\"https:\/\/www.instagram.com\/nexsolaroficial\/\"],\"telephone\":\"6730262662\",\"legalName\":\"NEXSOLAR SOLUCOES EM ENERGIA SOLAR LTDA\",\"foundingDate\":\"2014-03-21\",\"vatID\":\"19.925.435\/0001-75\"}]}<\/script>\n<!-- \/ Yoast SEO Premium plugin. -->","yoast_head_json":{"title":"Sobre - Nexsolar","robots":{"index":"index","follow":"follow","max-snippet":"max-snippet:-1","max-image-preview":"max-image-preview:large","max-video-preview":"max-video-preview:-1"},"canonical":"https:\/\/nexsolar.com.br\/es\/sobre\/","og_locale":"es_ES","og_type":"article","og_title":"Sobre","og_url":"https:\/\/nexsolar.com.br\/es\/sobre\/","og_site_name":"Nexsolar","article_publisher":"https:\/\/www.facebook.com\/nexsolar.oficial","article_modified_time":"2024-07-15T18:35:25+00:00","og_image":[{"width":1200,"height":675,"url":"https:\/\/nexsolar.com.br\/wp-content\/uploads\/2024\/06\/img-nexsolar.jpg","type":"image\/jpeg"}],"twitter_card":"summary_large_image","twitter_misc":{"Tiempo de lectura":"6 minutos"},"schema":{"@context":"https:\/\/schema.org","@graph":[{"@type":"WebPage","@id":"https:\/\/nexsolar.com.br\/sobre\/","url":"https:\/\/nexsolar.com.br\/sobre\/","name":"Sobre - Nexsolar","isPartOf":{"@id":"https:\/\/nexsolar.com.br\/#website"},"datePublished":"2024-06-17T12:56:51+00:00","dateModified":"2024-07-15T18:35:25+00:00","breadcrumb":{"@id":"https:\/\/nexsolar.com.br\/sobre\/#breadcrumb"},"inLanguage":"es","potentialAction":[{"@type":"ReadAction","target":["https:\/\/nexsolar.com.br\/sobre\/"]}]},{"@type":"BreadcrumbList","@id":"https:\/\/nexsolar.com.br\/sobre\/#breadcrumb","itemListElement":[{"@type":"ListItem","position":1,"name":"In\u00edcio","item":"https:\/\/nexsolar.com.br\/"},{"@type":"ListItem","position":2,"name":"Sobre"}]},{"@type":"WebSite","@id":"https:\/\/nexsolar.com.br\/#website","url":"https:\/\/nexsolar.com.br\/","name":"Nexsolar","description":"Soluciones de energ\u00eda solar","publisher":{"@id":"https:\/\/nexsolar.com.br\/#organization"},"alternateName":"Nexsolar","potentialAction":[{"@type":"SearchAction","target":{"@type":"EntryPoint","urlTemplate":"https:\/\/nexsolar.com.br\/?s={search_term_string}"},"query-input":{"@type":"PropertyValueSpecification","valueRequired":true,"valueName":"search_term_string"}}],"inLanguage":"es"},{"@type":"Organization","@id":"https:\/\/nexsolar.com.br\/#organization","name":"Nexsolar","url":"https:\/\/nexsolar.com.br\/","logo":{"@type":"ImageObject","inLanguage":"es","@id":"https:\/\/nexsolar.com.br\/#\/schema\/logo\/image\/","url":"https:\/\/nexsolar.com.br\/wp-content\/uploads\/2023\/12\/nexsolar-logo-850x138-1.webp","contentUrl":"https:\/\/nexsolar.com.br\/wp-content\/uploads\/2023\/12\/nexsolar-logo-850x138-1.webp","width":850,"height":138,"caption":"Nexsolar"},"image":{"@id":"https:\/\/nexsolar.com.br\/#\/schema\/logo\/image\/"},"sameAs":["https:\/\/www.facebook.com\/nexsolar.oficial","https:\/\/www.instagram.com\/nexsolaroficial\/"],"telephone":"6730262662","legalName":"NEXSOLAR SOLUCOES EM ENERGIA SOLAR LTDA","foundingDate":"2014-03-21","vatID":"19.925.435\/0001-75"}]}},"_links":{"self":[{"href":"https:\/\/nexsolar.com.br\/es\/wp-json\/wp\/v2\/pages\/672","targetHints":{"allow":["GET"]}}],"collection":[{"href":"https:\/\/nexsolar.com.br\/es\/wp-json\/wp\/v2\/pages"}],"about":[{"href":"https:\/\/nexsolar.com.br\/es\/wp-json\/wp\/v2\/types\/page"}],"author":[{"embeddable":true,"href":"https:\/\/nexsolar.com.br\/es\/wp-json\/wp\/v2\/users\/1"}],"replies":[{"embeddable":true,"href":"https:\/\/nexsolar.com.br\/es\/wp-json\/wp\/v2\/comments?post=672"}],"version-history":[{"count":16,"href":"https:\/\/nexsolar.com.br\/es\/wp-json\/wp\/v2\/pages\/672\/revisions"}],"predecessor-version":[{"id":873,"href":"https:\/\/nexsolar.com.br\/es\/wp-json\/wp\/v2\/pages\/672\/revisions\/873"}],"wp:attachment":[{"href":"https:\/\/nexsolar.com.br\/es\/wp-json\/wp\/v2\/media?parent=672"}],"curies":[{"name":"wp","href":"https:\/\/api.w.org\/{rel}","templated":true}]}}